{"id":34,"date":"2025-06-05T22:11:44","date_gmt":"2025-06-05T20:11:44","guid":{"rendered":"https:\/\/losyenapos.orbidi.online\/sobre-nosotros\/"},"modified":"2025-08-21T18:45:38","modified_gmt":"2025-08-21T16:45:38","slug":"empresa","status":"publish","type":"page","link":"https:\/\/www.transcreating.com\/de\/empresa\/","title":{"rendered":"Empresa"},"content":{"rendered":"\t\t<div data-elementor-type=\"wp-page\" data-elementor-id=\"34\" class=\"elementor elementor-34\" data-elementor-post-type=\"page\">\n\t\t\t\t<div class=\"elementor-element elementor-element-d0a958d e-flex e-con-boxed e-con e-parent\" data-id=\"d0a958d\" data-element_type=\"container\" data-settings=\"{&quot;background_background&quot;:&quot;classic&quot;}\">\n\t\t\t\t\t<div class=\"e-con-inner\">\n\t\t<div class=\"elementor-element elementor-element-d89ae1e e-con-full e-flex e-con e-child\" data-id=\"d89ae1e\" data-element_type=\"container\" data-settings=\"{&quot;background_background&quot;:&quot;classic&quot;}\">\n\t\t<div class=\"elementor-element elementor-element-ef884dc e-con-full e-flex e-con e-child\" data-id=\"ef884dc\" data-element_type=\"container\" data-settings=\"{&quot;background_background&quot;:&quot;classic&quot;}\">\n\t\t\t\t<div class=\"elementor-element elementor-element-88bae17 elementor-widget__width-initial elementor-widget elementor-widget-heading\" data-id=\"88bae17\" data-element_type=\"widget\" data-widget_type=\"heading.default\">\n\t\t\t\t<div class=\"elementor-widget-container\">\n\t\t\t\t\t<h1 class=\"elementor-heading-title elementor-size-default\">Traducci\u00f3n con alma, para creadores con voz propia<\/h1>\t\t\t\t<\/div>\n\t\t\t\t<\/div>\n\t\t\t\t<div class=\"elementor-element elementor-element-843fe7c elementor-widget__width-initial elementor-widget elementor-widget-text-editor\" data-id=\"843fe7c\" data-element_type=\"widget\" data-widget_type=\"text-editor.default\">\n\t\t\t\t<div class=\"elementor-widget-container\">\n\t\t\t\t\t\t\t\t\t<p>No cambiamos tus palabras. Adaptamos tu mensaje al mundo.<\/p>\t\t\t\t\t\t\t\t<\/div>\n\t\t\t\t<\/div>\n\t\t\t\t<\/div>\n\t\t<div class=\"elementor-element elementor-element-562924b e-con-full e-flex e-con e-child\" data-id=\"562924b\" data-element_type=\"container\" data-settings=\"{&quot;background_background&quot;:&quot;classic&quot;}\">\n\t\t\t\t<div class=\"elementor-element elementor-element-4d55893 elementor-widget__width-inherit elementor-widget elementor-widget-image\" data-id=\"4d55893\" data-element_type=\"widget\" data-widget_type=\"image.default\">\n\t\t\t\t<div class=\"elementor-widget-container\">\n\t\t\t\t\t\t\t\t\t\t\t\t\t\t\t<img fetchpriority=\"high\" decoding=\"async\" width=\"1280\" height=\"1200\" src=\"https:\/\/www.transcreating.com\/wp-content\/uploads\/2025\/07\/Hero-1.webp\" class=\"attachment-full size-full wp-image-209\" alt=\"\" srcset=\"https:\/\/www.transcreating.com\/wp-content\/uploads\/2025\/07\/Hero-1.webp 1280w, https:\/\/www.transcreating.com\/wp-content\/uploads\/2025\/07\/Hero-1-300x281.webp 300w, https:\/\/www.transcreating.com\/wp-content\/uploads\/2025\/07\/Hero-1-1024x960.webp 1024w, https:\/\/www.transcreating.com\/wp-content\/uploads\/2025\/07\/Hero-1-768x720.webp 768w\" sizes=\"(max-width: 1280px) 100vw, 1280px\" \/>\t\t\t\t\t\t\t\t\t\t\t\t\t\t\t<\/div>\n\t\t\t\t<\/div>\n\t\t\t\t<\/div>\n\t\t\t\t<\/div>\n\t\t<div class=\"elementor-element elementor-element-ded59f8 e-flex e-con-boxed e-con e-child\" data-id=\"ded59f8\" data-element_type=\"container\" data-settings=\"{&quot;background_background&quot;:&quot;classic&quot;}\">\n\t\t\t\t\t<div class=\"e-con-inner\">\n\t\t<div class=\"elementor-element elementor-element-fc84a0d e-con-full e-flex e-con e-child\" data-id=\"fc84a0d\" data-element_type=\"container\" data-settings=\"{&quot;background_background&quot;:&quot;classic&quot;}\">\n\t\t\t\t<div class=\"elementor-element elementor-element-4b916ad elementor-widget elementor-widget-heading\" data-id=\"4b916ad\" data-element_type=\"widget\" data-widget_type=\"heading.default\">\n\t\t\t\t<div class=\"elementor-widget-container\">\n\t\t\t\t\t<h2 class=\"elementor-heading-title elementor-size-default\">Somos traductores. Pero primero, somos oyentes.<\/h2>\t\t\t\t<\/div>\n\t\t\t\t<\/div>\n\t\t\t\t<div class=\"elementor-element elementor-element-e2d6a2a elementor-widget elementor-widget-text-editor\" data-id=\"e2d6a2a\" data-element_type=\"widget\" data-widget_type=\"text-editor.default\">\n\t\t\t\t<div class=\"elementor-widget-container\">\n\t\t\t\t\t\t\t\t\t<p>Nuestros traductores se encuentran en los diferentes pa\u00edses de tus nuevas audiencias. Desde 1993 hemos creado una red de expertos de diferentes campos y materias, repartidos por numerosos pa\u00edses de nuestro planeta.<\/p>\t\t\t\t\t\t\t\t<\/div>\n\t\t\t\t<\/div>\n\t\t\t\t<\/div>\n\t\t\t\t\t<\/div>\n\t\t\t\t<\/div>\n\t\t<div class=\"elementor-element elementor-element-4a40c7c e-flex e-con-boxed e-con e-child\" data-id=\"4a40c7c\" data-element_type=\"container\" data-settings=\"{&quot;background_background&quot;:&quot;classic&quot;}\">\n\t\t\t\t\t<div class=\"e-con-inner\">\n\t\t<div class=\"elementor-element elementor-element-c3518cd e-con-full e-flex e-con e-child\" data-id=\"c3518cd\" data-element_type=\"container\" data-settings=\"{&quot;background_background&quot;:&quot;classic&quot;}\">\n\t\t\t\t<div class=\"elementor-element elementor-element-c9b1f28 elementor-widget elementor-widget-heading\" data-id=\"c9b1f28\" data-element_type=\"widget\" data-widget_type=\"heading.default\">\n\t\t\t\t<div class=\"elementor-widget-container\">\n\t\t\t\t\t<h2 class=\"elementor-heading-title elementor-size-default\">Nuestra filosof\u00eda<\/h2>\t\t\t\t<\/div>\n\t\t\t\t<\/div>\n\t\t\t\t<div class=\"elementor-element elementor-element-5edb40a elementor-widget elementor-widget-text-editor\" data-id=\"5edb40a\" data-element_type=\"widget\" data-widget_type=\"text-editor.default\">\n\t\t\t\t<div class=\"elementor-widget-container\">\n\t\t\t\t\t\t\t\t\t<p>Traducir es solo una parte del proceso. Lo que hacemos va m\u00e1s all\u00e1: transcreamos tu contenido para que conserve tu esencia, tu intenci\u00f3n y tu tono\u2026 en otro idioma.<br \/>Porque lo que te hace \u00fanico en espa\u00f1ol, tambi\u00e9n puede funcionar en ingl\u00e9s, franc\u00e9s, alem\u00e1n o japon\u00e9s, pero solo si se dice con naturalidad. No hay subt\u00edtulo que salve un mensaje mal adaptado.<\/p>\t\t\t\t\t\t\t\t<\/div>\n\t\t\t\t<\/div>\n\t\t\t\t<\/div>\n\t\t\t\t\t<\/div>\n\t\t\t\t<\/div>\n\t\t<div class=\"elementor-element elementor-element-6d9d35f e-flex e-con-boxed e-con e-child\" data-id=\"6d9d35f\" data-element_type=\"container\" data-settings=\"{&quot;background_background&quot;:&quot;classic&quot;}\">\n\t\t\t\t\t<div class=\"e-con-inner\">\n\t\t<div class=\"elementor-element elementor-element-469b44e e-con-full e-flex e-con e-child\" data-id=\"469b44e\" data-element_type=\"container\" data-settings=\"{&quot;background_background&quot;:&quot;classic&quot;}\">\n\t\t\t\t<div class=\"elementor-element elementor-element-83c6cb5 elementor-widget elementor-widget-heading\" data-id=\"83c6cb5\" data-element_type=\"widget\" data-widget_type=\"heading.default\">\n\t\t\t\t<div class=\"elementor-widget-container\">\n\t\t\t\t\t<h2 class=\"elementor-heading-title elementor-size-default\">C\u00f3mo trabajamos:<\/h2>\t\t\t\t<\/div>\n\t\t\t\t<\/div>\n\t\t\t\t<div class=\"elementor-element elementor-element-84467e8 elementor-widget-tablet__width-inherit elementor-widget elementor-widget-text-editor\" data-id=\"84467e8\" data-element_type=\"widget\" data-widget_type=\"text-editor.default\">\n\t\t\t\t<div class=\"elementor-widget-container\">\n\t\t\t\t\t\t\t\t\t<p>Un proceso 100% adaptado a creadores como t\u00fa<\/p><ul><li><strong>Escuchamos tu contenido<\/strong><br \/>Analizamos tu estilo, voz, tipo de comunidad y mercado objetivo.<\/li><li><strong>Adaptamos, no traducimos<br \/><\/strong>Creamos versiones naturales del mensaje, no traducciones literales.<\/li><li><strong>Revisamos con hablantes nativos<\/strong><br \/>Todo se prueba para que suene fluido y real en su nuevo idioma.<\/li><li><strong>Te lo entregamos todo listo<\/strong><br \/>Subt\u00edtulos, doblajes, t\u00edtulos, thumbnails y metadatos SEO incluidos.<\/li><\/ul>\t\t\t\t\t\t\t\t<\/div>\n\t\t\t\t<\/div>\n\t\t\t\t<\/div>\n\t\t<div class=\"elementor-element elementor-element-9ce7c93 e-con-full e-flex e-con e-child\" data-id=\"9ce7c93\" data-element_type=\"container\" data-settings=\"{&quot;background_background&quot;:&quot;classic&quot;}\">\n\t\t\t\t<div class=\"elementor-element elementor-element-50e65e9 elementor-widget elementor-widget-image\" data-id=\"50e65e9\" data-element_type=\"widget\" data-widget_type=\"image.default\">\n\t\t\t\t<div class=\"elementor-widget-container\">\n\t\t\t\t\t\t\t\t\t\t\t\t\t\t\t<img decoding=\"async\" width=\"2560\" height=\"1707\" src=\"https:\/\/www.transcreating.com\/wp-content\/uploads\/2025\/08\/13ae5d24c4817b1fe0a959e80457f57e38931c77-scaled.jpg\" class=\"attachment-full size-full wp-image-385\" alt=\"\" srcset=\"https:\/\/www.transcreating.com\/wp-content\/uploads\/2025\/08\/13ae5d24c4817b1fe0a959e80457f57e38931c77-scaled.jpg 2560w, https:\/\/www.transcreating.com\/wp-content\/uploads\/2025\/08\/13ae5d24c4817b1fe0a959e80457f57e38931c77-300x200.jpg 300w, https:\/\/www.transcreating.com\/wp-content\/uploads\/2025\/08\/13ae5d24c4817b1fe0a959e80457f57e38931c77-1024x683.jpg 1024w, https:\/\/www.transcreating.com\/wp-content\/uploads\/2025\/08\/13ae5d24c4817b1fe0a959e80457f57e38931c77-768x512.jpg 768w, https:\/\/www.transcreating.com\/wp-content\/uploads\/2025\/08\/13ae5d24c4817b1fe0a959e80457f57e38931c77-1536x1024.jpg 1536w, https:\/\/www.transcreating.com\/wp-content\/uploads\/2025\/08\/13ae5d24c4817b1fe0a959e80457f57e38931c77-2048x1365.jpg 2048w\" sizes=\"(max-width: 2560px) 100vw, 2560px\" \/>\t\t\t\t\t\t\t\t\t\t\t\t\t\t\t<\/div>\n\t\t\t\t<\/div>\n\t\t\t\t<\/div>\n\t\t\t\t\t<\/div>\n\t\t\t\t<\/div>\n\t\t<div class=\"elementor-element elementor-element-87964c9 e-flex e-con-boxed e-con e-child\" data-id=\"87964c9\" data-element_type=\"container\" data-settings=\"{&quot;background_background&quot;:&quot;classic&quot;}\">\n\t\t\t\t\t<div class=\"e-con-inner\">\n\t\t<div class=\"elementor-element elementor-element-251d4fe e-con-full e-flex e-con e-child\" data-id=\"251d4fe\" data-element_type=\"container\" data-settings=\"{&quot;background_background&quot;:&quot;classic&quot;}\">\n\t\t\t\t<div class=\"elementor-element elementor-element-0fa67f5 elementor-widget elementor-widget-image\" data-id=\"0fa67f5\" data-element_type=\"widget\" data-widget_type=\"image.default\">\n\t\t\t\t<div class=\"elementor-widget-container\">\n\t\t\t\t\t\t\t\t\t\t\t\t\t\t\t<img decoding=\"async\" width=\"1080\" height=\"600\" src=\"https:\/\/www.transcreating.com\/wp-content\/uploads\/2025\/07\/content.webp\" class=\"attachment-full size-full wp-image-207\" alt=\"\" srcset=\"https:\/\/www.transcreating.com\/wp-content\/uploads\/2025\/07\/content.webp 1080w, https:\/\/www.transcreating.com\/wp-content\/uploads\/2025\/07\/content-300x167.webp 300w, https:\/\/www.transcreating.com\/wp-content\/uploads\/2025\/07\/content-1024x569.webp 1024w, https:\/\/www.transcreating.com\/wp-content\/uploads\/2025\/07\/content-768x427.webp 768w\" sizes=\"(max-width: 1080px) 100vw, 1080px\" \/>\t\t\t\t\t\t\t\t\t\t\t\t\t\t\t<\/div>\n\t\t\t\t<\/div>\n\t\t\t\t<\/div>\n\t\t<div class=\"elementor-element elementor-element-bff9492 e-con-full e-flex e-con e-child\" data-id=\"bff9492\" data-element_type=\"container\" data-settings=\"{&quot;background_background&quot;:&quot;classic&quot;}\">\n\t\t\t\t<div class=\"elementor-element elementor-element-dfde9ad elementor-widget elementor-widget-heading\" data-id=\"dfde9ad\" data-element_type=\"widget\" data-widget_type=\"heading.default\">\n\t\t\t\t<div class=\"elementor-widget-container\">\n\t\t\t\t\t<h2 class=\"elementor-heading-title elementor-size-default\">No somos freelance al azar ni una IA en piloto autom\u00e1tico<\/h2>\t\t\t\t<\/div>\n\t\t\t\t<\/div>\n\t\t\t\t<div class=\"elementor-element elementor-element-27cd5c8 elementor-widget elementor-widget-text-editor\" data-id=\"27cd5c8\" data-element_type=\"widget\" data-widget_type=\"text-editor.default\">\n\t\t\t\t<div class=\"elementor-widget-container\">\n\t\t\t\t\t\t\t\t\t<p>Nuestro equipo combina talento humano y tecnolog\u00eda para agilizar sin perder calidad. Estamos registrados como empresa profesional, trabajamos desde Espa\u00f1a con creadores de distintos pa\u00edses y ofrecemos soporte en cada paso del camino.<\/p>\t\t\t\t\t\t\t\t<\/div>\n\t\t\t\t<\/div>\n\t\t\t\t<\/div>\n\t\t\t\t\t<\/div>\n\t\t\t\t<\/div>\n\t\t\t\t\t<\/div>\n\t\t\t\t<\/div>\n\t\t\t\t<\/div>\n\t\t","protected":false},"excerpt":{"rendered":"<p>Traducci\u00f3n con alma, para creadores con voz propia No cambiamos tus palabras. Adaptamos tu mensaje al mundo. Somos traductores. Pero primero, somos oyentes. Nuestros traductores se encuentran en los diferentes pa\u00edses de tus nuevas audiencias. Desde 1993 hemos creado una red de expertos de diferentes campos y materias, repartidos por numerosos pa\u00edses de nuestro planeta. [&hellip;]<\/p>\n","protected":false},"author":1,"featured_media":0,"parent":0,"menu_order":0,"comment_status":"closed","ping_status":"closed","template":"","meta":{"footnotes":""},"class_list":["post-34","page","type-page","status-publish","hentry"],"translation":{"provider":"WPGlobus","version":"3.0.0","language":"de","enabled_languages":["en","es","de","fr","ru"],"languages":{"en":{"title":true,"content":true,"excerpt":false},"es":{"title":false,"content":false,"excerpt":false},"de":{"title":false,"content":false,"excerpt":false},"fr":{"title":false,"content":false,"excerpt":false},"ru":{"title":false,"content":false,"excerpt":false}}},"_links":{"self":[{"href":"https:\/\/www.transcreating.com\/de\/wp-json\/wp\/v2\/pages\/34","targetHints":{"allow":["GET"]}}],"collection":[{"href":"https:\/\/www.transcreating.com\/de\/wp-json\/wp\/v2\/pages"}],"about":[{"href":"https:\/\/www.transcreating.com\/de\/wp-json\/wp\/v2\/types\/page"}],"author":[{"embeddable":true,"href":"https:\/\/www.transcreating.com\/de\/wp-json\/wp\/v2\/users\/1"}],"replies":[{"embeddable":true,"href":"https:\/\/www.transcreating.com\/de\/wp-json\/wp\/v2\/comments?post=34"}],"version-history":[{"count":85,"href":"https:\/\/www.transcreating.com\/de\/wp-json\/wp\/v2\/pages\/34\/revisions"}],"predecessor-version":[{"id":428,"href":"https:\/\/www.transcreating.com\/de\/wp-json\/wp\/v2\/pages\/34\/revisions\/428"}],"wp:attachment":[{"href":"https:\/\/www.transcreating.com\/de\/wp-json\/wp\/v2\/media?parent=34"}],"curies":[{"name":"wp","href":"https:\/\/api.w.org\/{rel}","templated":true}]}}